{"id":21695,"date":"2017-12-09T20:44:42","date_gmt":"2017-12-09T18:44:42","guid":{"rendered":"https:\/\/en.estsporthorse.ee\/?page_id=14195"},"modified":"2026-02-04T10:31:44","modified_gmt":"2026-02-04T08:31:44","slug":"organisation","status":"publish","type":"page","link":"https:\/\/estsporthorse.ee\/en\/organisation\/","title":{"rendered":"ORGANISATION"},"content":{"rendered":"<div class=\"row\"  id=\"row-1776708084\">\n\n\t<div id=\"col-697394122\" class=\"col small-12 large-12\"  >\n\t\t\t\t<div class=\"col-inner\"  >\n\t\t\t\n\t\t\t\n<p>ESHBS has about 300 members. We register about 300 foals every year.\u00a0<span style=\"font-size: 100%;\">The board is elected for 3 years.\u00a0<\/span><span style=\"font-size: 100%;\">Members of the Board 2023 &#8211; 2026: <\/span><span style=\"font-size: 100%;\">\u00a0J<\/span><span style=\"font-size: 100%;\">oel J\u00fcrisson,\u00a0<\/span><span style=\"font-size: 100%;\">Peeter Viiard, Liis Ira, Astra Nilk, Kristi-Liis Koppel, Raili Pillmann, Andres T\u00f5nissoo<\/span><\/p>\n<p>Contact us:<\/p>\n<p><strong>ESTONIAN SPORT HORSE BREEDERS SOCIETY<\/strong><\/p>\n<p>Reg.nr. 80130107\u00a0VAT nr. EE101492368<br \/>\nNiitv\u00e4lja, L\u00e4\u00e4ne-Harju vald, 76624 Harjumaa, ESTONIA<\/p>\n<p><strong>e-mail: info@estsporthorse.ee<\/strong><\/p>\n<p>CEO\u00a0\u00a0<strong>Liis Ira<\/strong>\u00a0+ 372 50 64 344 liis@estsporthorse.ee<\/p>\n<p>Accountancy and studbook keeping \u2013\u00a0<strong>Astra Nilk<\/strong>\u00a0+372 53970094 astranilk@estsporthorse.ee<\/p>\n<p>&nbsp;<\/p>\n\t\t<\/div>\n\t\t\t\t\t<\/div>\n\n\t\n<\/div>\n\n","protected":false},"excerpt":{"rendered":"","protected":false},"author":8641,"featured_media":0,"parent":0,"menu_order":0,"comment_status":"closed","ping_status":"closed","template":"","meta":{"footnotes":""},"class_list":["post-21695","page","type-page","status-publish","hentry"],"_links":{"self":[{"href":"https:\/\/estsporthorse.ee\/en\/wp-json\/wp\/v2\/pages\/21695","targetHints":{"allow":["GET"]}}],"collection":[{"href":"https:\/\/estsporthorse.ee\/en\/wp-json\/wp\/v2\/pages"}],"about":[{"href":"https:\/\/estsporthorse.ee\/en\/wp-json\/wp\/v2\/types\/page"}],"author":[{"embeddable":true,"href":"https:\/\/estsporthorse.ee\/en\/wp-json\/wp\/v2\/users\/8641"}],"replies":[{"embeddable":true,"href":"https:\/\/estsporthorse.ee\/en\/wp-json\/wp\/v2\/comments?post=21695"}],"version-history":[{"count":5,"href":"https:\/\/estsporthorse.ee\/en\/wp-json\/wp\/v2\/pages\/21695\/revisions"}],"predecessor-version":[{"id":25252,"href":"https:\/\/estsporthorse.ee\/en\/wp-json\/wp\/v2\/pages\/21695\/revisions\/25252"}],"wp:attachment":[{"href":"https:\/\/estsporthorse.ee\/en\/wp-json\/wp\/v2\/media?parent=21695"}],"curies":[{"name":"wp","href":"https:\/\/api.w.org\/{rel}","templated":true}]}}